{"id":2925,"date":"2024-09-24T11:09:56","date_gmt":"2024-09-24T11:09:56","guid":{"rendered":"https:\/\/dev.atlanticfoodaction.ca\/dig-in-20\/parrains\/"},"modified":"2025-02-10T15:18:46","modified_gmt":"2025-02-10T15:18:46","slug":"parrains","status":"publish","type":"page","link":"https:\/\/dev.atlanticfoodaction.ca\/fr\/dig-in-20\/parrains\/","title":{"rendered":"Parrains"},"content":{"rendered":"\n<h4 class=\"wp-block-heading\">Vous souhaitez devenir un sponsor de Dig In 2.0 (Atlantic Food Systems Summit) ?  <\/h4>\n\n<h4 class=\"wp-block-heading\">Envoyez un courriel \u00e0 Liv \u00e0 l&#8217;adresse <a href=\"mailto:liv@centreforlocalprosperity.ca\" target=\"_blank\" rel=\"noreferrer noopener\">liv@centreforlocalprosperity.ca<\/a>!  <\/h4>\n\n<h1 class=\"wp-block-heading\"><\/h1>\n\n<h2 class=\"wp-block-heading\">Les h\u00e9ros de l&#8217;alimentation locale<\/h2>\n\n<figure class=\"wp-block-gallery has-nested-images columns-5 wp-block-gallery-1 is-layout-flex wp-block-gallery-is-layout-flex\">\n<figure class=\"wp-block-image size-medium\"><a href=\"https:\/\/www.canada.ca\/en\/atlantic-canada-opportunities.html\" target=\"_blank\" rel=\"noopener\"><img data-recalc-dims=\"1\" decoding=\"async\" width=\"300\" height=\"84\" loading=\"lazy\" data-id=\"2247\" src=\"https:\/\/i0.wp.com\/dev.atlanticfoodaction.ca\/wp-content\/uploads\/2024\/09\/e07719_4188d523706545979a8ff697f945874bmv2.webp?resize=300%2C84&#038;ssl=1\" alt=\"\" class=\"wp-image-2247\" srcset=\"https:\/\/i0.wp.com\/dev.atlanticfoodaction.ca\/wp-content\/uploads\/2024\/09\/e07719_4188d523706545979a8ff697f945874bmv2.webp?resize=300%2C84&amp;ssl=1 300w, https:\/\/i0.wp.com\/dev.atlanticfoodaction.ca\/wp-content\/uploads\/2024\/09\/e07719_4188d523706545979a8ff697f945874bmv2.webp?resize=768%2C215&amp;ssl=1 768w, https:\/\/i0.wp.com\/dev.atlanticfoodaction.ca\/wp-content\/uploads\/2024\/09\/e07719_4188d523706545979a8ff697f945874bmv2.webp?w=980&amp;ssl=1 980w\" sizes=\"auto, (max-width: 300px) 100vw, 300px\" \/><\/a><\/figure>\n\n\n\n<figure class=\"wp-block-image size-medium\"><img data-recalc-dims=\"1\" decoding=\"async\" width=\"300\" height=\"44\" loading=\"lazy\" data-id=\"698\" src=\"https:\/\/i0.wp.com\/dev.atlanticfoodaction.ca\/wp-content\/uploads\/2022\/07\/BC-BS-Medavie_w-lines_pantone288.png?resize=300%2C44&#038;ssl=1\" alt=\"\" class=\"wp-image-698\" srcset=\"https:\/\/i0.wp.com\/dev.atlanticfoodaction.ca\/wp-content\/uploads\/2022\/07\/BC-BS-Medavie_w-lines_pantone288.png?resize=300%2C44&amp;ssl=1 300w, https:\/\/i0.wp.com\/dev.atlanticfoodaction.ca\/wp-content\/uploads\/2022\/07\/BC-BS-Medavie_w-lines_pantone288.png?resize=768%2C113&amp;ssl=1 768w, https:\/\/i0.wp.com\/dev.atlanticfoodaction.ca\/wp-content\/uploads\/2022\/07\/BC-BS-Medavie_w-lines_pantone288.png?w=840&amp;ssl=1 840w\" sizes=\"auto, (max-width: 300px) 100vw, 300px\" \/><\/figure>\n\n\n\n<figure class=\"wp-block-image size-medium\"><img data-recalc-dims=\"1\" decoding=\"async\" width=\"300\" height=\"300\" loading=\"lazy\" data-id=\"2578\" src=\"https:\/\/i0.wp.com\/dev.atlanticfoodaction.ca\/wp-content\/uploads\/2024\/12\/tZvcQyWZ_400x400.png?resize=300%2C300&#038;ssl=1\" alt=\"\" class=\"wp-image-2578\" srcset=\"https:\/\/i0.wp.com\/dev.atlanticfoodaction.ca\/wp-content\/uploads\/2024\/12\/tZvcQyWZ_400x400.png?resize=300%2C300&amp;ssl=1 300w, https:\/\/i0.wp.com\/dev.atlanticfoodaction.ca\/wp-content\/uploads\/2024\/12\/tZvcQyWZ_400x400.png?resize=150%2C150&amp;ssl=1 150w, https:\/\/i0.wp.com\/dev.atlanticfoodaction.ca\/wp-content\/uploads\/2024\/12\/tZvcQyWZ_400x400.png?w=400&amp;ssl=1 400w\" sizes=\"auto, (max-width: 300px) 100vw, 300px\" \/><\/figure>\n\n\n\n<figure class=\"wp-block-image size-medium\"><img data-recalc-dims=\"1\" decoding=\"async\" width=\"10\" height=\"10\" loading=\"lazy\" data-id=\"776\" src=\"https:\/\/i0.wp.com\/dev.atlanticfoodaction.ca\/wp-content\/uploads\/2022\/07\/transparent-1.png?resize=10%2C10&#038;ssl=1\" alt=\"\" class=\"wp-image-776\"\/><\/figure>\n<\/figure>\n\n<h3 class=\"wp-block-heading\">Champions de l&#8217;alimentation locale<\/h3>\n\n<figure class=\"wp-block-gallery has-nested-images columns-5 wp-block-gallery-2 is-layout-flex wp-block-gallery-is-layout-flex\">\n<figure class=\"wp-block-image size-full\"><a href=\"https:\/\/www.googleadservices.com\/pagead\/aclk?sa=L&amp;ai=DChcSEwjaj62Yj9yIAxV4WEcBHZlbM7cYABAAGgJxdQ&amp;co=1&amp;ase=2&amp;gclid=Cj0KCQjwxsm3BhDrARIsAMtVz6MrV4FttAw5NVgL1ZpyIpzAatckc7NPIdGWH7-u0BFr6Oich7w3xs4aAvbtEALw_wcB&amp;ohost=www.google.com&amp;cid=CAESVeD2Mel5VdQK1EUaso_reWqZri6vqYAW7C7g-q9KflvZmd3XSNX8u7LuahYPd2xpdqoUfb9j0ukl2FcVo9JopA2gohM3GRcwvqDX2qyE1j2TEyezdFM&amp;sig=AOD64_32Ym_QNa_jpA9sd6gf2nkkNMJGaQ&amp;q&amp;nis=4&amp;adurl&amp;ved=2ahUKEwiGiaeYj9yIAxWWN2IAHbLyOKoQ0Qx6BAgKEAE\" target=\"_blank\" rel=\"noopener\"><img data-recalc-dims=\"1\" decoding=\"async\" width=\"550\" height=\"164\" loading=\"lazy\" data-id=\"1400\" src=\"https:\/\/i0.wp.com\/dev.atlanticfoodaction.ca\/wp-content\/uploads\/2022\/10\/unnamed.png?resize=550%2C164&#038;ssl=1\" alt=\"\" class=\"wp-image-1400\" srcset=\"https:\/\/i0.wp.com\/dev.atlanticfoodaction.ca\/wp-content\/uploads\/2022\/10\/unnamed.png?w=550&amp;ssl=1 550w, https:\/\/i0.wp.com\/dev.atlanticfoodaction.ca\/wp-content\/uploads\/2022\/10\/unnamed.png?resize=300%2C89&amp;ssl=1 300w\" sizes=\"auto, (max-width: 550px) 100vw, 550px\" \/><\/a><\/figure>\n\n\n\n<figure class=\"wp-block-image size-large\"><img data-recalc-dims=\"1\" decoding=\"async\" width=\"10\" height=\"10\" loading=\"lazy\" data-id=\"775\" src=\"https:\/\/i0.wp.com\/dev.atlanticfoodaction.ca\/wp-content\/uploads\/2022\/07\/transparent.png?resize=10%2C10&#038;ssl=1\" alt=\"\" class=\"wp-image-775\"\/><\/figure>\n<\/figure>\n\n<h4 class=\"wp-block-heading\">Les partisans de l&#8217;alimentation locale<\/h4>\n\n<div class=\"wp-block-columns is-layout-flex wp-container-core-columns-is-layout-28f84493 wp-block-columns-is-layout-flex\">\n<div class=\"wp-block-column is-layout-flow wp-block-column-is-layout-flow\" style=\"flex-basis:100%\">\n<figure class=\"wp-block-gallery has-nested-images columns-5 wp-block-gallery-3 is-layout-flex wp-block-gallery-is-layout-flex\">\n<figure class=\"wp-block-image size-medium\"><a href=\"https:\/\/atlanticcentral.ca\/\" target=\"_blank\" rel=\"noopener\"><img data-recalc-dims=\"1\" decoding=\"async\" width=\"300\" height=\"99\" loading=\"lazy\" data-id=\"653\" src=\"https:\/\/i0.wp.com\/dev.atlanticfoodaction.ca\/wp-content\/uploads\/2022\/06\/cu_generic_eng_vert_col.jpg?resize=300%2C99&#038;ssl=1\" alt=\"\" class=\"wp-image-653\" srcset=\"https:\/\/i0.wp.com\/dev.atlanticfoodaction.ca\/wp-content\/uploads\/2022\/06\/cu_generic_eng_vert_col.jpg?resize=300%2C99&amp;ssl=1 300w, https:\/\/i0.wp.com\/dev.atlanticfoodaction.ca\/wp-content\/uploads\/2022\/06\/cu_generic_eng_vert_col.jpg?w=598&amp;ssl=1 598w\" sizes=\"auto, (max-width: 300px) 100vw, 300px\" \/><\/a><\/figure>\n\n\n\n<figure class=\"wp-block-image size-medium\"><img data-recalc-dims=\"1\" decoding=\"async\" width=\"300\" height=\"111\" loading=\"lazy\" data-id=\"2329\" src=\"https:\/\/i0.wp.com\/dev.atlanticfoodaction.ca\/wp-content\/uploads\/2024\/10\/CBDC_PEI_Logo.png?resize=300%2C111&#038;ssl=1\" alt=\"\" class=\"wp-image-2329\" srcset=\"https:\/\/i0.wp.com\/dev.atlanticfoodaction.ca\/wp-content\/uploads\/2024\/10\/CBDC_PEI_Logo.png?resize=300%2C111&amp;ssl=1 300w, https:\/\/i0.wp.com\/dev.atlanticfoodaction.ca\/wp-content\/uploads\/2024\/10\/CBDC_PEI_Logo.png?w=548&amp;ssl=1 548w\" sizes=\"auto, (max-width: 300px) 100vw, 300px\" \/><\/figure>\n\n\n\n<figure class=\"wp-block-image size-full\"><img data-recalc-dims=\"1\" decoding=\"async\" width=\"150\" height=\"150\" loading=\"lazy\" data-id=\"2376\" src=\"https:\/\/i0.wp.com\/dev.atlanticfoodaction.ca\/wp-content\/uploads\/2024\/10\/RTO-Logo.png?resize=150%2C150&#038;ssl=1\" alt=\"\" class=\"wp-image-2376\"\/><\/figure>\n\n\n\n<figure class=\"wp-block-image size-medium\"><img data-recalc-dims=\"1\" decoding=\"async\" width=\"300\" height=\"150\" loading=\"lazy\" data-id=\"781\" src=\"https:\/\/i0.wp.com\/dev.atlanticfoodaction.ca\/wp-content\/uploads\/2022\/07\/FCC-FAC-2019-tab-blue.png?resize=300%2C150&#038;ssl=1\" alt=\"\" class=\"wp-image-781\" srcset=\"https:\/\/i0.wp.com\/dev.atlanticfoodaction.ca\/wp-content\/uploads\/2022\/07\/FCC-FAC-2019-tab-blue.png?resize=300%2C150&amp;ssl=1 300w, https:\/\/i0.wp.com\/dev.atlanticfoodaction.ca\/wp-content\/uploads\/2022\/07\/FCC-FAC-2019-tab-blue.png?w=744&amp;ssl=1 744w\" sizes=\"auto, (max-width: 300px) 100vw, 300px\" \/><\/figure>\n\n\n\n<figure class=\"wp-block-image size-full\"><img data-recalc-dims=\"1\" decoding=\"async\" width=\"10\" height=\"10\" loading=\"lazy\" data-id=\"1030\" src=\"https:\/\/i0.wp.com\/dev.atlanticfoodaction.ca\/wp-content\/uploads\/2022\/08\/transparent.png?resize=10%2C10&#038;ssl=1\" alt=\"\" class=\"wp-image-1030\"\/><\/figure>\n<\/figure>\n\n\n\n<figure class=\"wp-block-gallery has-nested-images columns-5 wp-block-gallery-4 is-layout-flex wp-block-gallery-is-layout-flex\">\n<figure class=\"wp-block-image size-medium\"><img data-recalc-dims=\"1\" decoding=\"async\" width=\"300\" height=\"300\" loading=\"lazy\" data-id=\"2566\" src=\"https:\/\/i0.wp.com\/dev.atlanticfoodaction.ca\/wp-content\/uploads\/2024\/11\/JustUs_Logo.png?resize=300%2C300&#038;ssl=1\" alt=\"\" class=\"wp-image-2566\" srcset=\"https:\/\/i0.wp.com\/dev.atlanticfoodaction.ca\/wp-content\/uploads\/2024\/11\/JustUs_Logo.png?resize=300%2C300&amp;ssl=1 300w, https:\/\/i0.wp.com\/dev.atlanticfoodaction.ca\/wp-content\/uploads\/2024\/11\/JustUs_Logo.png?resize=150%2C150&amp;ssl=1 150w, https:\/\/i0.wp.com\/dev.atlanticfoodaction.ca\/wp-content\/uploads\/2024\/11\/JustUs_Logo.png?w=421&amp;ssl=1 421w\" sizes=\"auto, (max-width: 300px) 100vw, 300px\" \/><\/figure>\n\n\n\n<figure class=\"wp-block-image size-medium\"><img data-recalc-dims=\"1\" decoding=\"async\" width=\"296\" height=\"300\" loading=\"lazy\" data-id=\"2568\" src=\"https:\/\/i0.wp.com\/dev.atlanticfoodaction.ca\/wp-content\/uploads\/2024\/11\/new-PEIWBGA-logo.png?resize=296%2C300&#038;ssl=1\" alt=\"\" class=\"wp-image-2568\" srcset=\"https:\/\/i0.wp.com\/dev.atlanticfoodaction.ca\/wp-content\/uploads\/2024\/11\/new-PEIWBGA-logo.png?resize=296%2C300&amp;ssl=1 296w, https:\/\/i0.wp.com\/dev.atlanticfoodaction.ca\/wp-content\/uploads\/2024\/11\/new-PEIWBGA-logo.png?w=592&amp;ssl=1 592w\" sizes=\"auto, (max-width: 296px) 100vw, 296px\" \/><\/figure>\n\n\n\n<figure class=\"wp-block-image size-full\"><img data-recalc-dims=\"1\" decoding=\"async\" width=\"400\" height=\"323\" loading=\"lazy\" data-id=\"2570\" src=\"https:\/\/i0.wp.com\/dev.atlanticfoodaction.ca\/wp-content\/uploads\/2024\/11\/VanMeekerenFarms_Logo.png?resize=400%2C323&#038;ssl=1\" alt=\"\" class=\"wp-image-2570\" srcset=\"https:\/\/i0.wp.com\/dev.atlanticfoodaction.ca\/wp-content\/uploads\/2024\/11\/VanMeekerenFarms_Logo.png?w=400&amp;ssl=1 400w, https:\/\/i0.wp.com\/dev.atlanticfoodaction.ca\/wp-content\/uploads\/2024\/11\/VanMeekerenFarms_Logo.png?resize=300%2C242&amp;ssl=1 300w\" sizes=\"auto, (max-width: 400px) 100vw, 400px\" \/><\/figure>\n\n\n\n<figure class=\"wp-block-image size-full\"><img data-recalc-dims=\"1\" decoding=\"async\" width=\"288\" height=\"288\" loading=\"lazy\" data-id=\"2563\" src=\"https:\/\/i0.wp.com\/dev.atlanticfoodaction.ca\/wp-content\/uploads\/2024\/11\/22Logo-Black.jpg?resize=288%2C288&#038;ssl=1\" alt=\"\" class=\"wp-image-2563\" srcset=\"https:\/\/i0.wp.com\/dev.atlanticfoodaction.ca\/wp-content\/uploads\/2024\/11\/22Logo-Black.jpg?w=288&amp;ssl=1 288w, https:\/\/i0.wp.com\/dev.atlanticfoodaction.ca\/wp-content\/uploads\/2024\/11\/22Logo-Black.jpg?resize=150%2C150&amp;ssl=1 150w\" sizes=\"auto, (max-width: 288px) 100vw, 288px\" \/><\/figure>\n\n\n\n<figure class=\"wp-block-image size-full\"><img data-recalc-dims=\"1\" decoding=\"async\" width=\"10\" height=\"10\" loading=\"lazy\" data-id=\"777\" src=\"https:\/\/i0.wp.com\/dev.atlanticfoodaction.ca\/wp-content\/uploads\/2022\/07\/transparent-2.png?resize=10%2C10&#038;ssl=1\" alt=\"\" class=\"wp-image-777\"\/><\/figure>\n<\/figure>\n<\/div>\n<\/div>\n\n<figure class=\"wp-block-gallery has-nested-images columns-4 columns-5 wp-block-gallery-5 is-layout-flex wp-block-gallery-is-layout-flex\">\n<figure class=\"wp-block-image size-full\"><img data-recalc-dims=\"1\" decoding=\"async\" width=\"10\" height=\"10\" loading=\"lazy\" data-id=\"776\" src=\"https:\/\/i0.wp.com\/dev.atlanticfoodaction.ca\/wp-content\/uploads\/2022\/07\/transparent-1.png?resize=10%2C10&#038;ssl=1\" alt=\"\" class=\"wp-image-776\"\/><\/figure>\n\n\n\n<figure class=\"wp-block-image size-full\"><img data-recalc-dims=\"1\" decoding=\"async\" width=\"10\" height=\"10\" loading=\"lazy\" data-id=\"1030\" src=\"https:\/\/i0.wp.com\/dev.atlanticfoodaction.ca\/wp-content\/uploads\/2022\/08\/transparent.png?resize=10%2C10&#038;ssl=1\" alt=\"\" class=\"wp-image-1030\"\/><\/figure>\n\n\n\n<figure class=\"wp-block-image size-medium\"><img data-recalc-dims=\"1\" decoding=\"async\" width=\"10\" height=\"10\" loading=\"lazy\" data-id=\"779\" src=\"https:\/\/i0.wp.com\/dev.atlanticfoodaction.ca\/wp-content\/uploads\/2022\/07\/transparent-3.png?resize=10%2C10&#038;ssl=1\" alt=\"\" class=\"wp-image-779\"\/><\/figure>\n<\/figure>\n\n<p><\/p>\n","protected":false},"excerpt":{"rendered":"<p>Vous souhaitez devenir un sponsor de Dig In 2.0 (Atlantic Food Systems Summit) ? Envoyez un courriel \u00e0 Liv \u00e0 l&#8217;adresse liv@centreforlocalprosperity.ca! Les h\u00e9ros de l&#8217;alimentation locale Champions de l&#8217;alimentation locale Les partisans de l&#8217;alimentation locale<\/p>\n","protected":false},"author":4,"featured_media":0,"parent":2587,"menu_order":0,"comment_status":"closed","ping_status":"closed","template":"","meta":{"_acf_changed":false,"nf_dc_page":"","inline_featured_image":false,"footnotes":""},"class_list":["post-2925","page","type-page","status-publish","hentry"],"blocksy_meta":[],"acf":[],"_links":{"self":[{"href":"https:\/\/dev.atlanticfoodaction.ca\/fr\/wp-json\/wp\/v2\/pages\/2925","targetHints":{"allow":["GET"]}}],"collection":[{"href":"https:\/\/dev.atlanticfoodaction.ca\/fr\/wp-json\/wp\/v2\/pages"}],"about":[{"href":"https:\/\/dev.atlanticfoodaction.ca\/fr\/wp-json\/wp\/v2\/types\/page"}],"author":[{"embeddable":true,"href":"https:\/\/dev.atlanticfoodaction.ca\/fr\/wp-json\/wp\/v2\/users\/4"}],"replies":[{"embeddable":true,"href":"https:\/\/dev.atlanticfoodaction.ca\/fr\/wp-json\/wp\/v2\/comments?post=2925"}],"version-history":[{"count":1,"href":"https:\/\/dev.atlanticfoodaction.ca\/fr\/wp-json\/wp\/v2\/pages\/2925\/revisions"}],"predecessor-version":[{"id":2935,"href":"https:\/\/dev.atlanticfoodaction.ca\/fr\/wp-json\/wp\/v2\/pages\/2925\/revisions\/2935"}],"up":[{"embeddable":true,"href":"https:\/\/dev.atlanticfoodaction.ca\/fr\/wp-json\/wp\/v2\/pages\/2587"}],"wp:attachment":[{"href":"https:\/\/dev.atlanticfoodaction.ca\/fr\/wp-json\/wp\/v2\/media?parent=2925"}],"curies":[{"name":"wp","href":"https:\/\/api.w.org\/{rel}","templated":true}]}}