{"id":2945,"date":"2022-11-22T15:44:18","date_gmt":"2022-11-22T15:44:18","guid":{"rendered":"https:\/\/dev.atlanticfoodaction.ca\/digin-2022\/enregistrements-des-sessions\/"},"modified":"2025-02-10T15:18:56","modified_gmt":"2025-02-10T15:18:56","slug":"enregistrements-des-sessions","status":"publish","type":"page","link":"https:\/\/dev.atlanticfoodaction.ca\/fr\/digin-2022\/enregistrements-des-sessions\/","title":{"rendered":"Enregistrements des sessions"},"content":{"rendered":"\n<div class=\"wp-block-group donate-instructions is-layout-constrained wp-block-group-is-layout-constrained\">\n<p>Des enregistrements vid\u00e9o de toutes les conf\u00e9rences, s\u00e9ances pl\u00e9ni\u00e8res et tables rondes organis\u00e9es pendant le sommet sont disponibles sur cette page.  <\/p>\n\n\n\n<p>Pour avoir acc\u00e8s \u00e0 ces enregistrements, nous demandons un don volontaire (montant sugg\u00e9r\u00e9 40,00 $, sinon veuillez donner ce que vous pouvez). Un re\u00e7u fiscal sera d\u00e9livr\u00e9 pour tout montant sup\u00e9rieur \u00e0 20,00 $.  <\/p>\n\n\n\n<p>Si vous avez d\u00e9j\u00e0 pay\u00e9 pour ces enregistrements, veuillez ne pas faire de don.<\/p>\n\n\n\n<div class=\"wp-block-buttons is-content-justification-center is-layout-flex wp-container-core-buttons-is-layout-a89b3969 wp-block-buttons-is-layout-flex\">\n<div class=\"wp-block-button si-button recordings-donation\"><a class=\"wp-block-button__link has-gold-background-color has-background wp-element-button\" href=\"https:\/\/dev.atlanticfoodaction.ca\/digin-2022\/session-recordings\/donation-for-session-recordings\/\">Acc\u00e9der maintenant<\/a><\/div>\n<\/div>\n<\/div>\n\n<p><\/p>\n","protected":false},"excerpt":{"rendered":"<p>Des enregistrements vid\u00e9o de toutes les conf\u00e9rences, s\u00e9ances pl\u00e9ni\u00e8res et tables rondes organis\u00e9es pendant le sommet sont disponibles sur cette page. Pour avoir acc\u00e8s \u00e0 ces enregistrements, nous demandons un don volontaire (montant sugg\u00e9r\u00e9 40,00 $, sinon veuillez donner ce que vous pouvez). Un re\u00e7u fiscal sera d\u00e9livr\u00e9 pour tout montant sup\u00e9rieur \u00e0 20,00 $. [&hellip;]<\/p>\n","protected":false},"author":1,"featured_media":0,"parent":2804,"menu_order":0,"comment_status":"closed","ping_status":"closed","template":"","meta":{"_acf_changed":false,"nf_dc_page":"","inline_featured_image":false,"footnotes":""},"class_list":["post-2945","page","type-page","status-publish","hentry"],"blocksy_meta":[],"acf":[],"_links":{"self":[{"href":"https:\/\/dev.atlanticfoodaction.ca\/fr\/wp-json\/wp\/v2\/pages\/2945","targetHints":{"allow":["GET"]}}],"collection":[{"href":"https:\/\/dev.atlanticfoodaction.ca\/fr\/wp-json\/wp\/v2\/pages"}],"about":[{"href":"https:\/\/dev.atlanticfoodaction.ca\/fr\/wp-json\/wp\/v2\/types\/page"}],"author":[{"embeddable":true,"href":"https:\/\/dev.atlanticfoodaction.ca\/fr\/wp-json\/wp\/v2\/users\/1"}],"replies":[{"embeddable":true,"href":"https:\/\/dev.atlanticfoodaction.ca\/fr\/wp-json\/wp\/v2\/comments?post=2945"}],"version-history":[{"count":1,"href":"https:\/\/dev.atlanticfoodaction.ca\/fr\/wp-json\/wp\/v2\/pages\/2945\/revisions"}],"predecessor-version":[{"id":2947,"href":"https:\/\/dev.atlanticfoodaction.ca\/fr\/wp-json\/wp\/v2\/pages\/2945\/revisions\/2947"}],"up":[{"embeddable":true,"href":"https:\/\/dev.atlanticfoodaction.ca\/fr\/wp-json\/wp\/v2\/pages\/2804"}],"wp:attachment":[{"href":"https:\/\/dev.atlanticfoodaction.ca\/fr\/wp-json\/wp\/v2\/media?parent=2945"}],"curies":[{"name":"wp","href":"https:\/\/api.w.org\/{rel}","templated":true}]}}