{"id":2948,"date":"2024-07-22T16:47:22","date_gmt":"2024-07-22T16:47:22","guid":{"rendered":"https:\/\/dev.atlanticfoodaction.ca\/digin-2022\/a-propos-de\/"},"modified":"2025-02-10T15:18:57","modified_gmt":"2025-02-10T15:18:57","slug":"a-propos-de","status":"publish","type":"page","link":"https:\/\/dev.atlanticfoodaction.ca\/fr\/digin-2022\/a-propos-de\/","title":{"rendered":"A propos de"},"content":{"rendered":"\n<div class=\"wp-block-cover alignfull is-light\"><span aria-hidden=\"true\" class=\"wp-block-cover__background has-background-dim-0 has-background-dim\"><\/span><img data-recalc-dims=\"1\" decoding=\"async\" width=\"1290\" height=\"861\" loading=\"lazy\" class=\"wp-block-cover__image-background wp-image-167\" alt=\"\" src=\"https:\/\/i0.wp.com\/dev.atlanticfoodaction.ca\/wp-content\/uploads\/2022\/02\/Photo-2019-09-28-10-41-42-AM-edited.jpg?resize=1290%2C861&#038;ssl=1\" style=\"object-position:50% 0%\" data-object-fit=\"cover\" data-object-position=\"50% 0%\" srcset=\"https:\/\/i0.wp.com\/dev.atlanticfoodaction.ca\/wp-content\/uploads\/2022\/02\/Photo-2019-09-28-10-41-42-AM-edited.jpg?w=1798&amp;ssl=1 1798w, https:\/\/i0.wp.com\/dev.atlanticfoodaction.ca\/wp-content\/uploads\/2022\/02\/Photo-2019-09-28-10-41-42-AM-edited.jpg?resize=600%2C400&amp;ssl=1 600w, https:\/\/i0.wp.com\/dev.atlanticfoodaction.ca\/wp-content\/uploads\/2022\/02\/Photo-2019-09-28-10-41-42-AM-edited.jpg?resize=300%2C200&amp;ssl=1 300w, https:\/\/i0.wp.com\/dev.atlanticfoodaction.ca\/wp-content\/uploads\/2022\/02\/Photo-2019-09-28-10-41-42-AM-edited.jpg?resize=1024%2C683&amp;ssl=1 1024w, https:\/\/i0.wp.com\/dev.atlanticfoodaction.ca\/wp-content\/uploads\/2022\/02\/Photo-2019-09-28-10-41-42-AM-edited.jpg?resize=768%2C513&amp;ssl=1 768w, https:\/\/i0.wp.com\/dev.atlanticfoodaction.ca\/wp-content\/uploads\/2022\/02\/Photo-2019-09-28-10-41-42-AM-edited.jpg?resize=1536%2C1025&amp;ssl=1 1536w\" sizes=\"auto, (max-width: 1290px) 100vw, 1290px\" \/><div class=\"wp-block-cover__inner-container is-layout-flow wp-block-cover-is-layout-flow\">\n<p class=\"has-text-align-center has-large-font-size\"><\/p>\n<\/div><\/div>\n\n<h2 class=\"wp-block-heading\" id=\"about-dig-in\">\u00c0 propos de Dig In<\/h2>\n\n<p>En raison des ph\u00e9nom\u00e8nes m\u00e9t\u00e9orologiques extr\u00eames induits par le changement climatique, de l&#8217;\u00e9puisement des ressources, des co\u00fbts de l&#8217;\u00e9nergie, des perturbations de la cha\u00eene d&#8217;approvisionnement, de l&#8217;instabilit\u00e9 g\u00e9opolitique et d&#8217;autres facteurs, le monde est confront\u00e9 \u00e0 des probl\u00e8mes croissants en mati\u00e8re de s\u00e9curit\u00e9 alimentaire. Il existe des diff\u00e9rences g\u00e9ographiques dans la mani\u00e8re dont ces probl\u00e8mes se manifestent et il est clair que le Canada atlantique pourrait \u00eatre particuli\u00e8rement vuln\u00e9rable \u00e0 ces effets. <\/p>\n\n<p><strong>Informez-vous : Le Sommet des syst\u00e8mes alimentaires du Canada atlantique<\/strong> a \u00e9t\u00e9 un rassemblement unique en son genre de parties prenantes des syst\u00e8mes alimentaires du Canada atlantique. Il s&#8217;agissait d&#8217;un forum de deux jours permettant aux parties prenantes de discuter de la mani\u00e8re dont les menaces pesant sur l&#8217;approvisionnement alimentaire r\u00e9gional se manifesteront dans le Canada atlantique, des domaines dans lesquels une transformation des syst\u00e8mes alimentaires est n\u00e9cessaire et de la mani\u00e8re dont ces transformations peuvent \u00eatre efficacement mises \u00e0 l&#8217;\u00e9chelle. Les th\u00e8mes de la s\u00e9curit\u00e9 et de la souverainet\u00e9 alimentaires ont \u00e9t\u00e9 explor\u00e9s sous tous les angles, afin de construire une r\u00e9silience alimentaire locale, \u00e9quitable et renouvelable.    <\/p>\n\n<p><strong>Dig In Graphic Recording (t\u00e9l\u00e9chargez le PDF pour plus de d\u00e9tails) :<\/strong><\/p>\n<div id=\"pdf-block_639b5f232045a\" class=\"block-pdf\">\n    <a class=\"cover-image\" href=\"https:\/\/dev.atlanticfoodaction.ca\/wp-content\/uploads\/2022\/12\/Feltham-Graphic-Recording-Nov1922.pdf\" target=\"_blank\"><img decoding=\"async\" loading=\"lazy\" width=\"1024\" height=\"417\" src=\"https:\/\/i0.wp.com\/dev.atlanticfoodaction.ca\/wp-content\/uploads\/2022\/12\/Feltham-Graphic-Nov-1922-scaled.jpg?fit=1024%2C417&amp;ssl=1\" class=\"attachment-large size-large\" alt=\"\" srcset=\"https:\/\/i0.wp.com\/dev.atlanticfoodaction.ca\/wp-content\/uploads\/2022\/12\/Feltham-Graphic-Nov-1922-scaled.jpg?w=2560&amp;ssl=1 2560w, https:\/\/i0.wp.com\/dev.atlanticfoodaction.ca\/wp-content\/uploads\/2022\/12\/Feltham-Graphic-Nov-1922-scaled.jpg?resize=300%2C122&amp;ssl=1 300w, https:\/\/i0.wp.com\/dev.atlanticfoodaction.ca\/wp-content\/uploads\/2022\/12\/Feltham-Graphic-Nov-1922-scaled.jpg?resize=1024%2C417&amp;ssl=1 1024w, https:\/\/i0.wp.com\/dev.atlanticfoodaction.ca\/wp-content\/uploads\/2022\/12\/Feltham-Graphic-Nov-1922-scaled.jpg?resize=768%2C313&amp;ssl=1 768w, https:\/\/i0.wp.com\/dev.atlanticfoodaction.ca\/wp-content\/uploads\/2022\/12\/Feltham-Graphic-Nov-1922-scaled.jpg?resize=1536%2C626&amp;ssl=1 1536w, https:\/\/i0.wp.com\/dev.atlanticfoodaction.ca\/wp-content\/uploads\/2022\/12\/Feltham-Graphic-Nov-1922-scaled.jpg?resize=2048%2C834&amp;ssl=1 2048w\" sizes=\"auto, (max-width: 1024px) 100vw, 1024px\" \/><\/a>    <a class=\"caption\" href=\"https:\/\/dev.atlanticfoodaction.ca\/wp-content\/uploads\/2022\/12\/Feltham-Graphic-Recording-Nov1922.pdf\" target=\"_blank\">Feltham Graphic Recording Nov19&#8217;22<\/a>    <a class=\"button si-btn\" href=\"https:\/\/dev.atlanticfoodaction.ca\/wp-content\/uploads\/2022\/12\/Feltham-Graphic-Recording-Nov1922.pdf\" download>Download PDF<\/a><\/div>\n\n<div class=\"wp-block-columns is-layout-flex wp-container-core-columns-is-layout-28f84493 wp-block-columns-is-layout-flex\">\n<div class=\"wp-block-column is-layout-flow wp-block-column-is-layout-flow\">\n<figure class=\"wp-block-image size-large\"><img data-recalc-dims=\"1\" decoding=\"async\" width=\"1024\" height=\"768\" loading=\"lazy\" src=\"https:\/\/i0.wp.com\/dev.atlanticfoodaction.ca\/wp-content\/uploads\/2022\/09\/Food-Independence-NS_1.jpg?resize=1024%2C768&#038;ssl=1\" alt=\"\" class=\"wp-image-1117\" srcset=\"https:\/\/i0.wp.com\/dev.atlanticfoodaction.ca\/wp-content\/uploads\/2022\/09\/Food-Independence-NS_1.jpg?resize=1024%2C768&amp;ssl=1 1024w, https:\/\/i0.wp.com\/dev.atlanticfoodaction.ca\/wp-content\/uploads\/2022\/09\/Food-Independence-NS_1.jpg?resize=300%2C225&amp;ssl=1 300w, https:\/\/i0.wp.com\/dev.atlanticfoodaction.ca\/wp-content\/uploads\/2022\/09\/Food-Independence-NS_1.jpg?resize=768%2C576&amp;ssl=1 768w, https:\/\/i0.wp.com\/dev.atlanticfoodaction.ca\/wp-content\/uploads\/2022\/09\/Food-Independence-NS_1.jpg?w=1536&amp;ssl=1 1536w\" sizes=\"auto, (max-width: 1024px) 100vw, 1024px\" \/><\/figure>\n<\/div>\n\n\n\n<div class=\"wp-block-column is-layout-flow wp-block-column-is-layout-flow\">\n<figure class=\"wp-block-image size-large\"><img data-recalc-dims=\"1\" decoding=\"async\" width=\"1024\" height=\"768\" loading=\"lazy\" src=\"https:\/\/i0.wp.com\/dev.atlanticfoodaction.ca\/wp-content\/uploads\/2022\/09\/Grey-and-Blue-Modern-3D-Social-Network-Survey-Graph-3_1.jpg?resize=1024%2C768&#038;ssl=1\" alt=\"\" class=\"wp-image-1118\" srcset=\"https:\/\/i0.wp.com\/dev.atlanticfoodaction.ca\/wp-content\/uploads\/2022\/09\/Grey-and-Blue-Modern-3D-Social-Network-Survey-Graph-3_1.jpg?resize=1024%2C768&amp;ssl=1 1024w, https:\/\/i0.wp.com\/dev.atlanticfoodaction.ca\/wp-content\/uploads\/2022\/09\/Grey-and-Blue-Modern-3D-Social-Network-Survey-Graph-3_1.jpg?resize=300%2C225&amp;ssl=1 300w, https:\/\/i0.wp.com\/dev.atlanticfoodaction.ca\/wp-content\/uploads\/2022\/09\/Grey-and-Blue-Modern-3D-Social-Network-Survey-Graph-3_1.jpg?resize=768%2C576&amp;ssl=1 768w, https:\/\/i0.wp.com\/dev.atlanticfoodaction.ca\/wp-content\/uploads\/2022\/09\/Grey-and-Blue-Modern-3D-Social-Network-Survey-Graph-3_1.jpg?w=1536&amp;ssl=1 1536w\" sizes=\"auto, (max-width: 1024px) 100vw, 1024px\" \/><\/figure>\n<\/div>\n<\/div>\n\n<div class=\"wp-block-columns is-layout-flex wp-container-core-columns-is-layout-28f84493 wp-block-columns-is-layout-flex\">\n<div class=\"wp-block-column is-layout-flow wp-block-column-is-layout-flow\">\n<figure class=\"wp-block-image size-full\"><img data-recalc-dims=\"1\" decoding=\"async\" width=\"960\" height=\"960\" loading=\"lazy\" src=\"https:\/\/i0.wp.com\/dev.atlanticfoodaction.ca\/wp-content\/uploads\/2022\/09\/PEI-2.jpeg?resize=960%2C960&#038;ssl=1\" alt=\"\" class=\"wp-image-1162\" srcset=\"https:\/\/i0.wp.com\/dev.atlanticfoodaction.ca\/wp-content\/uploads\/2022\/09\/PEI-2.jpeg?w=960&amp;ssl=1 960w, https:\/\/i0.wp.com\/dev.atlanticfoodaction.ca\/wp-content\/uploads\/2022\/09\/PEI-2.jpeg?resize=300%2C300&amp;ssl=1 300w, https:\/\/i0.wp.com\/dev.atlanticfoodaction.ca\/wp-content\/uploads\/2022\/09\/PEI-2.jpeg?resize=150%2C150&amp;ssl=1 150w, https:\/\/i0.wp.com\/dev.atlanticfoodaction.ca\/wp-content\/uploads\/2022\/09\/PEI-2.jpeg?resize=768%2C768&amp;ssl=1 768w\" sizes=\"auto, (max-width: 960px) 100vw, 960px\" \/><\/figure>\n<\/div>\n\n\n\n<div class=\"wp-block-column is-layout-flow wp-block-column-is-layout-flow\">\n<figure class=\"wp-block-image size-full\"><img data-recalc-dims=\"1\" decoding=\"async\" width=\"480\" height=\"480\" loading=\"lazy\" src=\"https:\/\/i0.wp.com\/dev.atlanticfoodaction.ca\/wp-content\/uploads\/2022\/09\/NB.jpeg?resize=480%2C480&#038;ssl=1\" alt=\"\" class=\"wp-image-1161\" srcset=\"https:\/\/i0.wp.com\/dev.atlanticfoodaction.ca\/wp-content\/uploads\/2022\/09\/NB.jpeg?w=480&amp;ssl=1 480w, https:\/\/i0.wp.com\/dev.atlanticfoodaction.ca\/wp-content\/uploads\/2022\/09\/NB.jpeg?resize=300%2C300&amp;ssl=1 300w, https:\/\/i0.wp.com\/dev.atlanticfoodaction.ca\/wp-content\/uploads\/2022\/09\/NB.jpeg?resize=150%2C150&amp;ssl=1 150w\" sizes=\"auto, (max-width: 480px) 100vw, 480px\" \/><\/figure>\n<\/div>\n<\/div>\n\n<h3 class=\"wp-block-heading\" id=\"objectives\">Objectifs<\/h3>\n\n<p>Le sommet avait trois objectifs :<\/p>\n\n<div class=\"wp-block-columns is-layout-flex wp-container-core-columns-is-layout-28f84493 wp-block-columns-is-layout-flex\">\n<div class=\"wp-block-column is-layout-flow wp-block-column-is-layout-flow\">\n<figure class=\"wp-block-image size-large\"><img data-recalc-dims=\"1\" decoding=\"async\" width=\"1290\" height=\"862\" loading=\"lazy\" src=\"https:\/\/i0.wp.com\/dev.atlanticfoodaction.ca\/wp-content\/uploads\/2022\/02\/dreamstime_xxl_106402522-edited.jpg?resize=1290%2C862&#038;ssl=1\" alt=\"\" class=\"wp-image-169\" srcset=\"https:\/\/i0.wp.com\/dev.atlanticfoodaction.ca\/wp-content\/uploads\/2022\/02\/dreamstime_xxl_106402522-edited.jpg?w=1798&amp;ssl=1 1798w, https:\/\/i0.wp.com\/dev.atlanticfoodaction.ca\/wp-content\/uploads\/2022\/02\/dreamstime_xxl_106402522-edited.jpg?resize=600%2C401&amp;ssl=1 600w, https:\/\/i0.wp.com\/dev.atlanticfoodaction.ca\/wp-content\/uploads\/2022\/02\/dreamstime_xxl_106402522-edited.jpg?resize=300%2C200&amp;ssl=1 300w, https:\/\/i0.wp.com\/dev.atlanticfoodaction.ca\/wp-content\/uploads\/2022\/02\/dreamstime_xxl_106402522-edited.jpg?resize=1024%2C684&amp;ssl=1 1024w, https:\/\/i0.wp.com\/dev.atlanticfoodaction.ca\/wp-content\/uploads\/2022\/02\/dreamstime_xxl_106402522-edited.jpg?resize=768%2C513&amp;ssl=1 768w, https:\/\/i0.wp.com\/dev.atlanticfoodaction.ca\/wp-content\/uploads\/2022\/02\/dreamstime_xxl_106402522-edited.jpg?resize=1536%2C1026&amp;ssl=1 1536w\" sizes=\"auto, (max-width: 1290px) 100vw, 1290px\" \/><\/figure>\n\n\n\n<ol class=\"wp-block-list\">\n<li>Comprendre la port\u00e9e et l&#8217;interconnexion des d\u00e9fis auxquels sont confront\u00e9es les parties prenantes ;<\/li>\n<\/ol>\n<\/div>\n\n\n\n<div class=\"wp-block-column is-layout-flow wp-block-column-is-layout-flow\">\n<figure class=\"wp-block-image size-large\"><img data-recalc-dims=\"1\" decoding=\"async\" width=\"1290\" height=\"860\" loading=\"lazy\" src=\"https:\/\/i0.wp.com\/dev.atlanticfoodaction.ca\/wp-content\/uploads\/2022\/02\/dreamstime_xxl_101098040-edited.jpg?resize=1290%2C860&#038;ssl=1\" alt=\"\" class=\"wp-image-175\" srcset=\"https:\/\/i0.wp.com\/dev.atlanticfoodaction.ca\/wp-content\/uploads\/2022\/02\/dreamstime_xxl_101098040-edited.jpg?w=1772&amp;ssl=1 1772w, https:\/\/i0.wp.com\/dev.atlanticfoodaction.ca\/wp-content\/uploads\/2022\/02\/dreamstime_xxl_101098040-edited.jpg?resize=600%2C400&amp;ssl=1 600w, https:\/\/i0.wp.com\/dev.atlanticfoodaction.ca\/wp-content\/uploads\/2022\/02\/dreamstime_xxl_101098040-edited.jpg?resize=300%2C200&amp;ssl=1 300w, https:\/\/i0.wp.com\/dev.atlanticfoodaction.ca\/wp-content\/uploads\/2022\/02\/dreamstime_xxl_101098040-edited.jpg?resize=1024%2C682&amp;ssl=1 1024w, https:\/\/i0.wp.com\/dev.atlanticfoodaction.ca\/wp-content\/uploads\/2022\/02\/dreamstime_xxl_101098040-edited.jpg?resize=768%2C512&amp;ssl=1 768w, https:\/\/i0.wp.com\/dev.atlanticfoodaction.ca\/wp-content\/uploads\/2022\/02\/dreamstime_xxl_101098040-edited.jpg?resize=1536%2C1024&amp;ssl=1 1536w\" sizes=\"auto, (max-width: 1290px) 100vw, 1290px\" \/><\/figure>\n\n\n\n<ol class=\"wp-block-list\" start=\"2\">\n<li>Identifier les domaines dans lesquels des actions collectives et coordonn\u00e9es sont possibles et comment elles pourraient \u00eatre optimis\u00e9es ; et<\/li>\n<\/ol>\n<\/div>\n\n\n\n<div class=\"wp-block-column is-layout-flow wp-block-column-is-layout-flow\">\n<figure class=\"wp-block-image size-large\"><img data-recalc-dims=\"1\" decoding=\"async\" width=\"1290\" height=\"862\" loading=\"lazy\" src=\"https:\/\/i0.wp.com\/dev.atlanticfoodaction.ca\/wp-content\/uploads\/2022\/02\/dreamstime_xxl_82952536-edited.jpg?resize=1290%2C862&#038;ssl=1\" alt=\"\" class=\"wp-image-168\" srcset=\"https:\/\/i0.wp.com\/dev.atlanticfoodaction.ca\/wp-content\/uploads\/2022\/02\/dreamstime_xxl_82952536-edited.jpg?w=1798&amp;ssl=1 1798w, https:\/\/i0.wp.com\/dev.atlanticfoodaction.ca\/wp-content\/uploads\/2022\/02\/dreamstime_xxl_82952536-edited.jpg?resize=600%2C401&amp;ssl=1 600w, https:\/\/i0.wp.com\/dev.atlanticfoodaction.ca\/wp-content\/uploads\/2022\/02\/dreamstime_xxl_82952536-edited.jpg?resize=300%2C200&amp;ssl=1 300w, https:\/\/i0.wp.com\/dev.atlanticfoodaction.ca\/wp-content\/uploads\/2022\/02\/dreamstime_xxl_82952536-edited.jpg?resize=1024%2C684&amp;ssl=1 1024w, https:\/\/i0.wp.com\/dev.atlanticfoodaction.ca\/wp-content\/uploads\/2022\/02\/dreamstime_xxl_82952536-edited.jpg?resize=768%2C513&amp;ssl=1 768w, https:\/\/i0.wp.com\/dev.atlanticfoodaction.ca\/wp-content\/uploads\/2022\/02\/dreamstime_xxl_82952536-edited.jpg?resize=1536%2C1026&amp;ssl=1 1536w\" sizes=\"auto, (max-width: 1290px) 100vw, 1290px\" \/><\/figure>\n\n\n\n<ol class=\"wp-block-list\" start=\"3\">\n<li>Synth\u00e9tiser les r\u00e9sultats dans un rapport d&#8217;orientation qui jette les bases d&#8217;une alliance r\u00e9gionale permanente.<\/li>\n<\/ol>\n<\/div>\n<\/div>\n\n<p>Collectivement, ces objectifs contribuent \u00e0 \u00e9duquer toutes les parties et \u00e0 renforcer la capacit\u00e9 de la r\u00e9gion \u00e0 traiter deux des probl\u00e8mes environnementaux les plus urgents de notre \u00e9poque : l&#8217;ins\u00e9curit\u00e9 et la souverainet\u00e9 alimentaires.<\/p>\n\n<figure class=\"wp-block-image aligncenter size-large is-resized\"><img data-recalc-dims=\"1\" decoding=\"async\" loading=\"lazy\" src=\"https:\/\/i0.wp.com\/dev.atlanticfoodaction.ca\/wp-content\/uploads\/2022\/03\/Relocalize-Food-Action-Grid_2021_1.jpg?resize=821%2C634&#038;ssl=1\" alt=\"\" class=\"wp-image-443\" width=\"821\" height=\"634\" srcset=\"https:\/\/i0.wp.com\/dev.atlanticfoodaction.ca\/wp-content\/uploads\/2022\/03\/Relocalize-Food-Action-Grid_2021_1.jpg?resize=1024%2C791&amp;ssl=1 1024w, https:\/\/i0.wp.com\/dev.atlanticfoodaction.ca\/wp-content\/uploads\/2022\/03\/Relocalize-Food-Action-Grid_2021_1.jpg?resize=600%2C464&amp;ssl=1 600w, https:\/\/i0.wp.com\/dev.atlanticfoodaction.ca\/wp-content\/uploads\/2022\/03\/Relocalize-Food-Action-Grid_2021_1.jpg?resize=300%2C232&amp;ssl=1 300w, https:\/\/i0.wp.com\/dev.atlanticfoodaction.ca\/wp-content\/uploads\/2022\/03\/Relocalize-Food-Action-Grid_2021_1.jpg?resize=768%2C593&amp;ssl=1 768w, https:\/\/i0.wp.com\/dev.atlanticfoodaction.ca\/wp-content\/uploads\/2022\/03\/Relocalize-Food-Action-Grid_2021_1.jpg?resize=1536%2C1187&amp;ssl=1 1536w, https:\/\/i0.wp.com\/dev.atlanticfoodaction.ca\/wp-content\/uploads\/2022\/03\/Relocalize-Food-Action-Grid_2021_1.jpg?w=1584&amp;ssl=1 1584w\" sizes=\"auto, (max-width: 821px) 100vw, 821px\" \/><figcaption class=\"wp-element-caption\">Avec l&#8217;aimable autorisation du Central Kootenay Food Policy Council<\/figcaption><\/figure>\n\n<p>Les d\u00e9cideurs politiques ont \u00e9t\u00e9 invit\u00e9s \u00e0 y participer afin qu&#8217;ils puissent prendre connaissance des consensus et des possibilit\u00e9s de changement syst\u00e9mique des politiques et des infrastructures.<\/p>\n\n<figure class=\"wp-block-image aligncenter size-large is-resized\"><img data-recalc-dims=\"1\" decoding=\"async\" loading=\"lazy\" src=\"https:\/\/i0.wp.com\/dev.atlanticfoodaction.ca\/wp-content\/uploads\/2022\/03\/Table-2020-12-04_1.jpg?resize=861%2C662&#038;ssl=1\" alt=\"\" class=\"wp-image-442\" width=\"861\" height=\"662\"\/><figcaption class=\"wp-element-caption\">Avec l&#8217;aimable autorisation du Central Kootenay Food Policy Council<\/figcaption><\/figure>\n\n<p><\/p>\n","protected":false},"excerpt":{"rendered":"<p>\u00c0 propos de Dig In En raison des ph\u00e9nom\u00e8nes m\u00e9t\u00e9orologiques extr\u00eames induits par le changement climatique, de l&#8217;\u00e9puisement des ressources, des co\u00fbts de l&#8217;\u00e9nergie, des perturbations de la cha\u00eene d&#8217;approvisionnement, de l&#8217;instabilit\u00e9 g\u00e9opolitique et d&#8217;autres facteurs, le monde est confront\u00e9 \u00e0 des probl\u00e8mes croissants en mati\u00e8re de s\u00e9curit\u00e9 alimentaire. Il existe des diff\u00e9rences g\u00e9ographiques dans [&hellip;]<\/p>\n","protected":false},"author":1,"featured_media":0,"parent":2804,"menu_order":0,"comment_status":"closed","ping_status":"closed","template":"","meta":{"_acf_changed":false,"nf_dc_page":"","inline_featured_image":false,"footnotes":""},"class_list":["post-2948","page","type-page","status-publish","hentry"],"blocksy_meta":[],"acf":[],"_links":{"self":[{"href":"https:\/\/dev.atlanticfoodaction.ca\/fr\/wp-json\/wp\/v2\/pages\/2948","targetHints":{"allow":["GET"]}}],"collection":[{"href":"https:\/\/dev.atlanticfoodaction.ca\/fr\/wp-json\/wp\/v2\/pages"}],"about":[{"href":"https:\/\/dev.atlanticfoodaction.ca\/fr\/wp-json\/wp\/v2\/types\/page"}],"author":[{"embeddable":true,"href":"https:\/\/dev.atlanticfoodaction.ca\/fr\/wp-json\/wp\/v2\/users\/1"}],"replies":[{"embeddable":true,"href":"https:\/\/dev.atlanticfoodaction.ca\/fr\/wp-json\/wp\/v2\/comments?post=2948"}],"version-history":[{"count":1,"href":"https:\/\/dev.atlanticfoodaction.ca\/fr\/wp-json\/wp\/v2\/pages\/2948\/revisions"}],"predecessor-version":[{"id":2953,"href":"https:\/\/dev.atlanticfoodaction.ca\/fr\/wp-json\/wp\/v2\/pages\/2948\/revisions\/2953"}],"up":[{"embeddable":true,"href":"https:\/\/dev.atlanticfoodaction.ca\/fr\/wp-json\/wp\/v2\/pages\/2804"}],"wp:attachment":[{"href":"https:\/\/dev.atlanticfoodaction.ca\/fr\/wp-json\/wp\/v2\/media?parent=2948"}],"curies":[{"name":"wp","href":"https:\/\/api.w.org\/{rel}","templated":true}]}}