{"id":2951,"date":"2022-12-16T19:28:55","date_gmt":"2022-12-16T19:28:55","guid":{"rendered":"https:\/\/dev.atlanticfoodaction.ca\/digin-2022\/resultats\/"},"modified":"2025-02-10T15:18:58","modified_gmt":"2025-02-10T15:18:58","slug":"resultats","status":"publish","type":"page","link":"https:\/\/dev.atlanticfoodaction.ca\/fr\/digin-2022\/resultats\/","title":{"rendered":"R\u00e9sultats"},"content":{"rendered":"\n<h4 class=\"wp-block-heading\">La bande-annonce de Dig In<\/h4>\n\n<figure class=\"wp-block-embed is-type-video is-provider-youtube wp-block-embed-youtube wp-embed-aspect-16-9 wp-has-aspect-ratio\"><div class=\"wp-block-embed__wrapper\">\n<iframe loading=\"lazy\" title=\"Dig In: Atlantic Canada Food Systems Summit\" width=\"1290\" height=\"726\" src=\"https:\/\/www.youtube.com\/embed\/-2Icsc627iA?feature=oembed\" frameborder=\"0\" allow=\"accelerometer; autoplay; clipboard-write; encrypted-media; gyroscope; picture-in-picture; web-share\" referrerpolicy=\"strict-origin-when-cross-origin\" allowfullscreen><\/iframe>\n<\/div><\/figure>\n\n<h4 class=\"wp-block-heading\">Enregistrement graphique<\/h4>\n\n<p>L&#8217;enregistrement graphique a \u00e9t\u00e9 r\u00e9alis\u00e9 par Julia Feltham. T\u00e9l\u00e9chargez le PDF pour agrandir les d\u00e9tails. <\/p>\n<div id=\"pdf-block_639e24ba71295\" class=\"block-pdf\">\n    <a class=\"cover-image\" href=\"https:\/\/dev.atlanticfoodaction.ca\/wp-content\/uploads\/2022\/12\/Feltham-Graphic-Recording-Nov1922.pdf\" target=\"_blank\"><img decoding=\"async\" loading=\"lazy\" width=\"1024\" height=\"417\" src=\"https:\/\/i0.wp.com\/dev.atlanticfoodaction.ca\/wp-content\/uploads\/2022\/12\/Feltham-Graphic-Nov-1922-scaled.jpg?fit=1024%2C417&amp;ssl=1\" class=\"attachment-large size-large\" alt=\"\" srcset=\"https:\/\/i0.wp.com\/dev.atlanticfoodaction.ca\/wp-content\/uploads\/2022\/12\/Feltham-Graphic-Nov-1922-scaled.jpg?w=2560&amp;ssl=1 2560w, https:\/\/i0.wp.com\/dev.atlanticfoodaction.ca\/wp-content\/uploads\/2022\/12\/Feltham-Graphic-Nov-1922-scaled.jpg?resize=300%2C122&amp;ssl=1 300w, https:\/\/i0.wp.com\/dev.atlanticfoodaction.ca\/wp-content\/uploads\/2022\/12\/Feltham-Graphic-Nov-1922-scaled.jpg?resize=1024%2C417&amp;ssl=1 1024w, https:\/\/i0.wp.com\/dev.atlanticfoodaction.ca\/wp-content\/uploads\/2022\/12\/Feltham-Graphic-Nov-1922-scaled.jpg?resize=768%2C313&amp;ssl=1 768w, https:\/\/i0.wp.com\/dev.atlanticfoodaction.ca\/wp-content\/uploads\/2022\/12\/Feltham-Graphic-Nov-1922-scaled.jpg?resize=1536%2C626&amp;ssl=1 1536w, https:\/\/i0.wp.com\/dev.atlanticfoodaction.ca\/wp-content\/uploads\/2022\/12\/Feltham-Graphic-Nov-1922-scaled.jpg?resize=2048%2C834&amp;ssl=1 2048w\" sizes=\"auto, (max-width: 1024px) 100vw, 1024px\" \/><\/a>    <a class=\"caption\" href=\"https:\/\/dev.atlanticfoodaction.ca\/wp-content\/uploads\/2022\/12\/Feltham-Graphic-Recording-Nov1922.pdf\" target=\"_blank\">Feltham Graphic Recording Nov19&#8217;22<\/a>    <a class=\"button si-btn\" href=\"https:\/\/dev.atlanticfoodaction.ca\/wp-content\/uploads\/2022\/12\/Feltham-Graphic-Recording-Nov1922.pdf\" download>Download PDF<\/a><\/div>\n\n<h4 class=\"wp-block-heading\">Les &#8220;cinq questions<\/h4>\n\n<p>Vous trouverez ci-dessous les th\u00e8mes g\u00e9n\u00e9raux abord\u00e9s par les participants au cours du sommet.<\/p>\n\n<h5 class=\"wp-block-heading\"><em>1. Comment les \u00e9tudiants et le grand public peuvent-ils \u00eatre davantage sensibilis\u00e9s \u00e0 l&#8217;alimentation locale, y avoir plus facilement acc\u00e8s et s&#8217;int\u00e9resser davantage \u00e0 son origine ?<\/em><\/h5>\n\n<ul class=\"wp-block-list\">\n<li>Cr\u00e9er des opportunit\u00e9s d&#8217;apprentissage par l&#8217;exp\u00e9rience et de partage<\/li>\n\n\n\n<li>Rendre le syst\u00e8me alimentaire aussi transparent et visible que possible, \u00e0 chaque \u00e9tape du processus<\/li>\n<\/ul>\n\n<h5 class=\"wp-block-heading\"><em>2. Quels sont les programmes, les politiques, les infrastructures et les pratiques qui contribueront le plus \u00e0 d\u00e9velopper efficacement et rapidement nos syst\u00e8mes alimentaires r\u00e9gionaux ?<\/em><\/h5>\n\n<ul class=\"wp-block-list\">\n<li>Approvisionnement local par le biais de plateformes alimentaires et de programmes alimentaires scolaires<\/li>\n\n\n\n<li>R\u00e9am\u00e9nagement des syst\u00e8mes de financement et de r\u00e9glementation<\/li>\n\n\n\n<li>Faciliter l&#8217;acc\u00e8s \u00e0 la terre pour les nouveaux arrivants<\/li>\n\n\n\n<li>L&#8217;organisation de la base et la participation des citoyens pour d\u00e9fendre les points ci-dessus.<\/li>\n<\/ul>\n\n<h5 class=\"wp-block-heading\"><em>3. Comment encourager et soutenir au mieux les groupes sous-repr\u00e9sent\u00e9s dans nos syst\u00e8mes alimentaires ?<\/em><\/h5>\n\n<ul class=\"wp-block-list\">\n<li>Donner la priorit\u00e9 \u00e0 la prise en compte des voix des travailleurs migrants et temporaires et d&#8217;autres personnes marginalis\u00e9es dans les dialogues de ce type.<\/li>\n\n\n\n<li>Se concentrer sur les perspectives des diverses voix, sans les symboliser, lorsque nous d\u00e9finissons l&#8217;orientation de ce mouvement.  <\/li>\n\n\n\n<li>Apporter des ressources r\u00e9elles pour soutenir ce travail par le biais de pratiques d&#8217;embauche inclusives et de voies permettant de r\u00e9mun\u00e9rer les personnes ayant une exp\u00e9rience v\u00e9cue pour leur temps et leurs connaissances.<\/li>\n<\/ul>\n\n<h5 class=\"wp-block-heading\"><em>4. Comment envisagez-vous un r\u00e9seau atlantique d&#8217;acteurs des syst\u00e8mes alimentaires ? Comment ce r\u00e9seau pourrait-il vous aider dans votre travail ? <\/em><\/h5>\n\n<ul class=\"wp-block-list\">\n<li>La port\u00e9e r\u00e9gionale de l&#8217;Atlantique tout en favorisant l&#8217;action locale d\u00e9centralis\u00e9e<\/li>\n\n\n\n<li>Une vision inclusive et ax\u00e9e sur la communaut\u00e9<\/li>\n\n\n\n<li>Fournir un encadrement et un soutien concret aux organisations de base<\/li>\n<\/ul>\n\n<h5 class=\"wp-block-heading\"><em>5. En tant que consommateur, quel est votre principal obstacle \u00e0 l&#8217;acquisition de produits alimentaires locaux ? Qu&#8217;est-ce qui vous permettrait de surmonter cet obstacle ? <\/em><\/h5>\n\n<ul class=\"wp-block-list\">\n<li>L&#8217;accessibilit\u00e9 et la disponibilit\u00e9 tout au long de l&#8217;ann\u00e9e restent un d\u00e9fi<\/li>\n\n\n\n<li>Distorsions syst\u00e9miques affectant le prix des denr\u00e9es alimentaires<\/li>\n\n\n\n<li>Possibilit\u00e9s de mettre en place des syst\u00e8mes prosp\u00e8res d&#8217;acc\u00e8s aux aliments culturels<\/li>\n\n\n\n<li>Un filet de s\u00e9curit\u00e9 sociale plus solide permettrait aux producteurs et aux transformateurs de prosp\u00e9rer<\/li>\n<\/ul>\n\n<p><\/p>\n\n<h2 class=\"wp-block-heading\"><\/h2>\n","protected":false},"excerpt":{"rendered":"<p>La bande-annonce de Dig In Enregistrement graphique L&#8217;enregistrement graphique a \u00e9t\u00e9 r\u00e9alis\u00e9 par Julia Feltham. T\u00e9l\u00e9chargez le PDF pour agrandir les d\u00e9tails. Les &#8220;cinq questions Vous trouverez ci-dessous les th\u00e8mes g\u00e9n\u00e9raux abord\u00e9s par les participants au cours du sommet. 1. Comment les \u00e9tudiants et le grand public peuvent-ils \u00eatre davantage sensibilis\u00e9s \u00e0 l&#8217;alimentation locale, y [&hellip;]<\/p>\n","protected":false},"author":1,"featured_media":0,"parent":2804,"menu_order":0,"comment_status":"closed","ping_status":"closed","template":"","meta":{"_acf_changed":false,"nf_dc_page":"","inline_featured_image":false,"footnotes":""},"class_list":["post-2951","page","type-page","status-publish","hentry"],"blocksy_meta":[],"acf":[],"_links":{"self":[{"href":"https:\/\/dev.atlanticfoodaction.ca\/fr\/wp-json\/wp\/v2\/pages\/2951","targetHints":{"allow":["GET"]}}],"collection":[{"href":"https:\/\/dev.atlanticfoodaction.ca\/fr\/wp-json\/wp\/v2\/pages"}],"about":[{"href":"https:\/\/dev.atlanticfoodaction.ca\/fr\/wp-json\/wp\/v2\/types\/page"}],"author":[{"embeddable":true,"href":"https:\/\/dev.atlanticfoodaction.ca\/fr\/wp-json\/wp\/v2\/users\/1"}],"replies":[{"embeddable":true,"href":"https:\/\/dev.atlanticfoodaction.ca\/fr\/wp-json\/wp\/v2\/comments?post=2951"}],"version-history":[{"count":1,"href":"https:\/\/dev.atlanticfoodaction.ca\/fr\/wp-json\/wp\/v2\/pages\/2951\/revisions"}],"predecessor-version":[{"id":2957,"href":"https:\/\/dev.atlanticfoodaction.ca\/fr\/wp-json\/wp\/v2\/pages\/2951\/revisions\/2957"}],"up":[{"embeddable":true,"href":"https:\/\/dev.atlanticfoodaction.ca\/fr\/wp-json\/wp\/v2\/pages\/2804"}],"wp:attachment":[{"href":"https:\/\/dev.atlanticfoodaction.ca\/fr\/wp-json\/wp\/v2\/media?parent=2951"}],"curies":[{"name":"wp","href":"https:\/\/api.w.org\/{rel}","templated":true}]}}